{"id":32129,"date":"2021-07-06T08:06:04","date_gmt":"2021-07-06T08:06:04","guid":{"rendered":"https:\/\/testualia.com\/?page_id=32129"},"modified":"2021-07-22T15:27:40","modified_gmt":"2021-07-22T15:27:40","slug":"politica-de-privacidad","status":"publish","type":"page","link":"https:\/\/testualia.com\/en\/politica-de-privacidad\/","title":{"rendered":"Pol\u00edtica de privacidad"},"content":{"rendered":"\t\t<div data-elementor-type=\"wp-page\" data-elementor-id=\"32129\" class=\"elementor elementor-32129 elementor-30099\" data-elementor-post-type=\"page\">\n\t\t\t\t\t\t<section class=\"elementor-section elementor-top-section elementor-element elementor-element-5eebb6cf elementor-section-boxed elementor-section-height-default elementor-section-height-default\" data-id=\"5eebb6cf\" data-element_type=\"section\">\n\t\t\t\t\t\t<div class=\"elementor-container elementor-column-gap-default\">\n\t\t\t\t\t<div class=\"elementor-column elementor-col-100 elementor-top-column elementor-element elementor-element-4f02e187\" data-id=\"4f02e187\" data-element_type=\"column\">\n\t\t\t<div class=\"elementor-widget-wrap elementor-element-populated\">\n\t\t\t\t\t\t<section class=\"elementor-section elementor-inner-section elementor-element elementor-element-2917cb69 elementor-section-boxed elementor-section-height-default elementor-section-height-default\" data-id=\"2917cb69\" data-element_type=\"section\">\n\t\t\t\t\t\t<div class=\"elementor-container elementor-column-gap-default\">\n\t\t\t\t\t<div class=\"elementor-column elementor-col-100 elementor-inner-column elementor-element elementor-element-1fc6b0ce\" data-id=\"1fc6b0ce\" data-element_type=\"column\">\n\t\t\t<div class=\"elementor-widget-wrap elementor-element-populated\">\n\t\t\t\t\t\t<div class=\"elementor-element elementor-element-27f71234 elementor-widget elementor-widget-heading\" data-id=\"27f71234\" data-element_type=\"widget\" data-widget_type=\"heading.default\">\n\t\t\t\t<div class=\"elementor-widget-container\">\n\t\t\t<h1 class=\"elementor-heading-title elementor-size-default\">t\u00edtulo en ingl\u00e9s<\/h1>\t\t<\/div>\n\t\t\t\t<\/div>\n\t\t\t\t<div class=\"elementor-element elementor-element-708961d4 elementor-widget elementor-widget-heading\" data-id=\"708961d4\" data-element_type=\"widget\" data-widget_type=\"heading.default\">\n\t\t\t\t<div class=\"elementor-widget-container\">\n\t\t\t<p class=\"elementor-heading-title elementor-size-large\">Textos en ingl\u00e9s<\/p>\t\t<\/div>\n\t\t\t\t<\/div>\n\t\t\t\t\t<\/div>\n\t\t<\/div>\n\t\t\t\t\t<\/div>\n\t\t<\/section>\n\t\t\t\t\t<\/div>\n\t\t<\/div>\n\t\t\t\t\t<\/div>\n\t\t<\/section>\n\t\t\t\t<\/div>\n\t\t","protected":false},"excerpt":{"rendered":"<p>t\u00edtulo en ingl\u00e9s Textos en ingl\u00e9s<\/p>\n","protected":false},"author":1,"featured_media":0,"parent":0,"menu_order":0,"comment_status":"closed","ping_status":"closed","template":"","meta":{"_acf_changed":false,"footnotes":""},"acf":[],"yoast_head":"<!-- This site is optimized with the Yoast SEO plugin v22.0 - https:\/\/yoast.com\/wordpress\/plugins\/seo\/ -->\n<title>Pol\u00edtica de privacidad - TESTUALIA<\/title>\n<meta name=\"robots\" content=\"index, follow, max-snippet:-1, max-image-preview:large, max-video-preview:-1\" \/>\n<link rel=\"canonical\" href=\"https:\/\/testualia.com\/en\/politica-de-privacidad\/\" \/>\n<meta property=\"og:locale\" content=\"en_US\" \/>\n<meta property=\"og:type\" content=\"article\" \/>\n<meta property=\"og:title\" content=\"Pol\u00edtica de privacidad - TESTUALIA\" \/>\n<meta property=\"og:description\" content=\"t\u00edtulo en ingl\u00e9s Textos en ingl\u00e9s\" \/>\n<meta property=\"og:url\" content=\"https:\/\/testualia.com\/en\/politica-de-privacidad\/\" \/>\n<meta property=\"og:site_name\" content=\"TESTUALIA\" \/>\n<meta property=\"article:modified_time\" content=\"2021-07-22T15:27:40+00:00\" \/>\n<meta name=\"twitter:card\" content=\"summary_large_image\" \/>\n<meta name=\"twitter:label1\" content=\"Est. reading time\" \/>\n\t<meta name=\"twitter:data1\" content=\"1 minute\" \/>\n<script type=\"application\/ld+json\" class=\"yoast-schema-graph\">{\"@context\":\"https:\/\/schema.org\",\"@graph\":[{\"@type\":\"WebPage\",\"@id\":\"https:\/\/testualia.com\/en\/politica-de-privacidad\/\",\"url\":\"https:\/\/testualia.com\/en\/politica-de-privacidad\/\",\"name\":\"Pol\u00edtica de privacidad - TESTUALIA\",\"isPartOf\":{\"@id\":\"https:\/\/testualia.com\/#website\"},\"datePublished\":\"2021-07-06T08:06:04+00:00\",\"dateModified\":\"2021-07-22T15:27:40+00:00\",\"breadcrumb\":{\"@id\":\"https:\/\/testualia.com\/en\/politica-de-privacidad\/#breadcrumb\"},\"inLanguage\":\"en-US\",\"potentialAction\":[{\"@type\":\"ReadAction\",\"target\":[\"https:\/\/testualia.com\/en\/politica-de-privacidad\/\"]}]},{\"@type\":\"BreadcrumbList\",\"@id\":\"https:\/\/testualia.com\/en\/politica-de-privacidad\/#breadcrumb\",\"itemListElement\":[{\"@type\":\"ListItem\",\"position\":1,\"name\":\"Home\",\"item\":\"https:\/\/testualia.com\/en\/\"},{\"@type\":\"ListItem\",\"position\":2,\"name\":\"Pol\u00edtica de privacidad\"}]},{\"@type\":\"WebSite\",\"@id\":\"https:\/\/testualia.com\/#website\",\"url\":\"https:\/\/testualia.com\/\",\"name\":\"TESTUALIA\",\"description\":\"Crea ex\u00e1menes tipo test online con Inteligencia Artificial\",\"potentialAction\":[{\"@type\":\"SearchAction\",\"target\":{\"@type\":\"EntryPoint\",\"urlTemplate\":\"https:\/\/testualia.com\/?s={search_term_string}\"},\"query-input\":\"required name=search_term_string\"}],\"inLanguage\":\"en-US\"}]}<\/script>\n<!-- \/ Yoast SEO plugin. -->","yoast_head_json":{"title":"Pol\u00edtica de privacidad - TESTUALIA","robots":{"index":"index","follow":"follow","max-snippet":"max-snippet:-1","max-image-preview":"max-image-preview:large","max-video-preview":"max-video-preview:-1"},"canonical":"https:\/\/testualia.com\/en\/politica-de-privacidad\/","og_locale":"en_US","og_type":"article","og_title":"Pol\u00edtica de privacidad - TESTUALIA","og_description":"t\u00edtulo en ingl\u00e9s Textos en ingl\u00e9s","og_url":"https:\/\/testualia.com\/en\/politica-de-privacidad\/","og_site_name":"TESTUALIA","article_modified_time":"2021-07-22T15:27:40+00:00","twitter_card":"summary_large_image","twitter_misc":{"Est. reading time":"1 minute"},"schema":{"@context":"https:\/\/schema.org","@graph":[{"@type":"WebPage","@id":"https:\/\/testualia.com\/en\/politica-de-privacidad\/","url":"https:\/\/testualia.com\/en\/politica-de-privacidad\/","name":"Pol\u00edtica de privacidad - TESTUALIA","isPartOf":{"@id":"https:\/\/testualia.com\/#website"},"datePublished":"2021-07-06T08:06:04+00:00","dateModified":"2021-07-22T15:27:40+00:00","breadcrumb":{"@id":"https:\/\/testualia.com\/en\/politica-de-privacidad\/#breadcrumb"},"inLanguage":"en-US","potentialAction":[{"@type":"ReadAction","target":["https:\/\/testualia.com\/en\/politica-de-privacidad\/"]}]},{"@type":"BreadcrumbList","@id":"https:\/\/testualia.com\/en\/politica-de-privacidad\/#breadcrumb","itemListElement":[{"@type":"ListItem","position":1,"name":"Home","item":"https:\/\/testualia.com\/en\/"},{"@type":"ListItem","position":2,"name":"Pol\u00edtica de privacidad"}]},{"@type":"WebSite","@id":"https:\/\/testualia.com\/#website","url":"https:\/\/testualia.com\/","name":"TESTUALIA","description":"Crea ex\u00e1menes tipo test online con Inteligencia Artificial","potentialAction":[{"@type":"SearchAction","target":{"@type":"EntryPoint","urlTemplate":"https:\/\/testualia.com\/?s={search_term_string}"},"query-input":"required name=search_term_string"}],"inLanguage":"en-US"}]}},"_links":{"self":[{"href":"https:\/\/testualia.com\/en\/wp-json\/wp\/v2\/pages\/32129"}],"collection":[{"href":"https:\/\/testualia.com\/en\/wp-json\/wp\/v2\/pages"}],"about":[{"href":"https:\/\/testualia.com\/en\/wp-json\/wp\/v2\/types\/page"}],"author":[{"embeddable":true,"href":"https:\/\/testualia.com\/en\/wp-json\/wp\/v2\/users\/1"}],"replies":[{"embeddable":true,"href":"https:\/\/testualia.com\/en\/wp-json\/wp\/v2\/comments?post=32129"}],"version-history":[{"count":11,"href":"https:\/\/testualia.com\/en\/wp-json\/wp\/v2\/pages\/32129\/revisions"}],"predecessor-version":[{"id":32992,"href":"https:\/\/testualia.com\/en\/wp-json\/wp\/v2\/pages\/32129\/revisions\/32992"}],"wp:attachment":[{"href":"https:\/\/testualia.com\/en\/wp-json\/wp\/v2\/media?parent=32129"}],"curies":[{"name":"wp","href":"https:\/\/api.w.org\/{rel}","templated":true}]}}